{"id":4014,"date":"2025-03-16T20:08:38","date_gmt":"2025-03-16T19:08:38","guid":{"rendered":"http:\/\/www.ruppiner-rsg.de\/?page_id=4014"},"modified":"2025-03-16T20:19:43","modified_gmt":"2025-03-16T19:19:43","slug":"rsg-nachwuchs-rallye-cup","status":"publish","type":"page","link":"http:\/\/www.ruppiner-rsg.de\/?page_id=4014","title":{"rendered":"RSG-Nachwuchs-Rallye-Cup"},"content":{"rendered":"<p>Wir suchen Nachwuchs im Bereich Rallye.<\/p>\n<p>Aus diesen Grund schreiben wir als Ruppiner Rennsportgemeinschaft e.V. im ADAC f\u00fcr 2025 einen RSG-Nachwuchs-Rallye-Cup aus. Der zur Nachwuchsf\u00f6rderung im Rallye Sport dient.<\/p>\n<p>Da es hier um den RSG Nachwuchs geht erheben wir f\u00fcr das Jahr 2025 keine Einschreibegeb\u00fchr. Der Rallye Sport ist ja so schon teuer genug.<\/p>\n<p>N\u00e4hre Infos findet ihr in der Ausschreibung. Zur Einschreibung einfach das Formular ausf\u00fcllen ausdrucken, Unterschreiben und per Mail an die unterstehende Mailadresse schicken.<\/p>\n<p><a href=\"http:\/\/www.ruppiner-rsg.de\/Unterlagen\/Dokumente\/Nachwuchs Cup RSG Neu.pdf\">Ausschreibung<\/a><br \/>\n<a href=\"http:\/\/www.ruppiner-rsg.de\/Unterlagen\/Dokumente\/Einschreibung RSG Nachwchs Cup.pdf\">Einschreibeformular<\/a><\/p>\n<p><a href=\"http:\/\/www.ruppiner-rsg.de\/?page_id=4018\">Auswertung<\/a><\/p>\n<p>&nbsp;<\/p>\n","protected":false},"excerpt":{"rendered":"<p>Wir suchen Nachwuchs im Bereich Rallye. Aus diesen Grund schreiben wir als Ruppiner Rennsportgemeinschaft e.V. im ADAC f\u00fcr 2025 einen RSG-Nachwuchs-Rallye-Cup aus. Der zur Nachwuchsf\u00f6rderung im Rallye Sport dient. Da es hier um den RSG Nachwuchs geht erheben wir f\u00fcr das Jahr 2025 keine Einschreibegeb\u00fchr. Der Rallye Sport ist ja so schon teuer genug. N\u00e4hre &hellip; <\/p>\n<p><a class=\"more-link btn\" href=\"http:\/\/www.ruppiner-rsg.de\/?page_id=4014\">Weiterlesen<\/a><\/p>\n","protected":false},"author":2,"featured_media":0,"parent":0,"menu_order":0,"comment_status":"closed","ping_status":"closed","template":"","meta":{"footnotes":""},"_links":{"self":[{"href":"http:\/\/www.ruppiner-rsg.de\/index.php?rest_route=\/wp\/v2\/pages\/4014"}],"collection":[{"href":"http:\/\/www.ruppiner-rsg.de\/index.php?rest_route=\/wp\/v2\/pages"}],"about":[{"href":"http:\/\/www.ruppiner-rsg.de\/index.php?rest_route=\/wp\/v2\/types\/page"}],"author":[{"embeddable":true,"href":"http:\/\/www.ruppiner-rsg.de\/index.php?rest_route=\/wp\/v2\/users\/2"}],"replies":[{"embeddable":true,"href":"http:\/\/www.ruppiner-rsg.de\/index.php?rest_route=%2Fwp%2Fv2%2Fcomments&post=4014"}],"version-history":[{"count":5,"href":"http:\/\/www.ruppiner-rsg.de\/index.php?rest_route=\/wp\/v2\/pages\/4014\/revisions"}],"predecessor-version":[{"id":4023,"href":"http:\/\/www.ruppiner-rsg.de\/index.php?rest_route=\/wp\/v2\/pages\/4014\/revisions\/4023"}],"wp:attachment":[{"href":"http:\/\/www.ruppiner-rsg.de\/index.php?rest_route=%2Fwp%2Fv2%2Fmedia&parent=4014"}],"curies":[{"name":"wp","href":"https:\/\/api.w.org\/{rel}","templated":true}]}}