{"id":337,"date":"2017-01-24T20:54:10","date_gmt":"2017-01-24T19:54:10","guid":{"rendered":"http:\/\/www.ruppiner-rsg.de\/?page_id=337"},"modified":"2023-02-08T21:32:36","modified_gmt":"2023-02-08T20:32:36","slug":"satzung","status":"publish","type":"page","link":"http:\/\/www.ruppiner-rsg.de\/?page_id=337","title":{"rendered":"Satzung"},"content":{"rendered":"<p style=\"font-weight: 400;\"><strong><u>Satzung der Ruppiner Rennsportgemeinschaft e.V. im ADAC<\/u><\/strong><\/p>\n<ul>\n<li style=\"font-weight: 400;\">1 (Name und Sitz)<\/li>\n<\/ul>\n<p style=\"font-weight: 400;\">Der Verein f\u00fchrt den Namen&nbsp;<strong>Ruppiner Rennsportgemeinschaft e.V. im ADAC<\/strong>.<\/p>\n<p style=\"font-weight: 400;\">Der Sitz des Vereins ist beim Amtsgericht Neuruppin und unter VR 506 angemeldet.<\/p>\n<ul>\n<li style=\"font-weight: 400;\">2 (Gesch\u00e4ftsjahr)<\/li>\n<\/ul>\n<p style=\"font-weight: 400;\">Gesch\u00e4ftsjahr ist das Kalenderjahr.<\/p>\n<ul>\n<li style=\"font-weight: 400;\">3 (Zweck des Vereins)<\/li>\n<\/ul>\n<p style=\"font-weight: 400;\">Der Verein verfolgt ausschlie\u00dflich und unmittelbar gemeinn\u00fctzige<strong>&nbsp;<\/strong>Zwecke im Sinne des Abschnitts \u201eSteuerbeg\u00fcnstigte Zwecke\u201c der Abgabenordnung.<\/p>\n<p style=\"font-weight: 400;\">Zweck des Vereins ist der Sport, die Jugendarbeit, Verkehrserziehung und Organisation von Motorsportveranstaltungen.<\/p>\n<p style=\"font-weight: 400;\">&nbsp;Er setzt sich f\u00fcr die Erhaltung, Pflege und Nutzung Kraftfahrzeugtechnischen Kulturgutes ein.<\/p>\n<p style=\"font-weight: 400;\">Der Satzungszweck wird verwirklicht insbesondere durch die F\u00f6rderung und Organisation motorsportlicher Aktivit\u00e4ten.<\/p>\n<ul>\n<li style=\"font-weight: 400;\">4 (Selbstlose T\u00e4tigkeit)<\/li>\n<\/ul>\n<p style=\"font-weight: 400;\">Der Verein ist selbstlos t\u00e4tig, er verfolgt nicht in erster Linie eigenwirtschaftliche Zwecke.<\/p>\n<ul>\n<li style=\"font-weight: 400;\">5 (Mittelverwendung)<\/li>\n<\/ul>\n<p style=\"font-weight: 400;\">Mittel des Vereins d\u00fcrfen nur f\u00fcr die satzungsm\u00e4\u00dfigen Zwecke verwendet werden. Die Mitglieder erhalten keine Zuwendungen aus Mitteln des Vereins.<\/p>\n<ul>\n<li style=\"font-weight: 400;\">6 (Verbot von Beg\u00fcnstigungen)<\/li>\n<\/ul>\n<p style=\"font-weight: 400;\">Es darf keine Person durch Ausgaben, die dem Zweck der K\u00f6rperschaft fremd sind oder durch unverh\u00e4ltnism\u00e4\u00dfig hohe Verg\u00fctungen beg\u00fcnstigt werden.<\/p>\n<ul>\n<li style=\"font-weight: 400;\">7 (Erwerb der Mitgliedschaft)<\/li>\n<\/ul>\n<p style=\"font-weight: 400;\">Vereinsmitglieder k\u00f6nnen nat\u00fcrliche Personen oder juristische Personen werden.<\/p>\n<p style=\"font-weight: 400;\">Der Aufnahmeantrag ist schriftlich zu stellen.<\/p>\n<p style=\"font-weight: 400;\">\u00dcber den Aufnahmeantrag entscheidet der Vorstand.<\/p>\n<p style=\"font-weight: 400;\">Gegen die Ablehnung, die keiner Begr\u00fcndung bedarf, steht dem\/der Bewerber\/in die Berufung an die Mitgliederversammlung zu, welche dann endg\u00fcltig entscheidet.<\/p>\n<ul>\n<li style=\"font-weight: 400;\">8 (Beendigung der Mitgliedschaft)<\/li>\n<\/ul>\n<p style=\"font-weight: 400;\">Die Mitgliedschaft endet durch Austritt, Ausschluss, Tod oder Aufl\u00f6sung der juristischen Person.<\/p>\n<p style=\"font-weight: 400;\">Der Austritt erfolgt durch schriftliche Erkl\u00e4rung gegen\u00fcber einem<\/p>\n<p style=\"font-weight: 400;\">vertretungsberechtigtem Vorstandsmitglied.<\/p>\n<p style=\"font-weight: 400;\">Die schriftliche Austrittserkl\u00e4rung muss mit einer K\u00fcndigungsfrist von einem Monat jeweils zum Ende des Gesch\u00e4ftsjahres gegen\u00fcber dem Vorstand erkl\u00e4rt werden.<\/p>\n<p style=\"font-weight: 400;\">Ein Ausschluss kann nur aus wichtigem Grund erfolgen.<\/p>\n<p style=\"font-weight: 400;\">Wichtige Gr\u00fcnde sind insbesondere ein den Vereinszielen sch\u00e4digendes Verhalten, die Verletzung satzungsm\u00e4\u00dfigen Pflichten oder Beitragsr\u00fcckst\u00e4nde von mindestens einem Jahr.<\/p>\n<p style=\"font-weight: 400;\">Eine Mahnung seitens des Vorstandes ist hierbei nicht vorgesehen.<\/p>\n<p style=\"font-weight: 400;\">\u00dcber den Ausschluss entscheidet der Vorstand.<\/p>\n<p style=\"font-weight: 400;\">Gegen den Ausschluss steht dem Mitglied die Berufung an die Mitgliederversammlung zu, die schriftlich binnen eines Monats an den Vorstand zu richten ist.<\/p>\n<p style=\"font-weight: 400;\">&nbsp;Die Mitgliederversammlung entscheidet im Rahmen des Vereins endg\u00fcltig.<\/p>\n<p style=\"font-weight: 400;\">Alle die von einem Mitglied eingebrachte Leistungen und Mittel bleiben nach Austritt dieses Mitgliedes, in Vereinseigentum.<\/p>\n<ul>\n<li style=\"font-weight: 400;\">9 (Beitr\u00e4ge)<\/li>\n<\/ul>\n<p style=\"font-weight: 400;\">Von den Mitgliedern werden Beitr\u00e4ge erhoben. Die H\u00f6he der Beitr\u00e4ge und deren F\u00e4lligkeit bestimmt die Mitgliederversammlung. Der Jahresbeitrag wird einmalig bis 30. M\u00e4rz des laufenden Kalenderjahres auf das Konto der Ruppiner Rennsportgemeinschaft e.V. im ADAC eingezahlt. Die H\u00f6he des Beitrages ergibt sich aus der Beitragsordnung.<\/p>\n<ul>\n<li style=\"font-weight: 400;\">10 (Organe des Vereins)<\/li>\n<\/ul>\n<p style=\"font-weight: 400;\">Organe des Vereins sind<\/p>\n<p style=\"font-weight: 400;\">die Mitgliederversammlung und der Vorstand.<\/p>\n<ul>\n<li style=\"font-weight: 400;\">11 (Mitgliederversammlung)<\/li>\n<\/ul>\n<p style=\"font-weight: 400;\">Die Mitgliederversammlung ist das oberste Vereinsorgan.<\/p>\n<p style=\"font-weight: 400;\">Zu ihren Aufgaben geh\u00f6ren insbesondere die Wahl und Abwahl des Vorstands, Entlastung des Vorstands, Entgegennahme der Berichte des Vorstandes, Wahl der Kassenpr\u00fcfern\/innen Festsetzung von Beitr\u00e4gen und deren F\u00e4lligkeit, Beschlussfassung \u00fcber die \u00c4nderung der Satzung, Beschlussfassung \u00fcber die Aufl\u00f6sung des Vereins, Entscheidung \u00fcber Aufnahme und Ausschluss von Mitgliedern in Berufungsf\u00e4llen sowie weitere Aufgaben, soweit sich diese aus der Satzung oder nach dem<\/p>\n<p style=\"font-weight: 400;\">Gesetz ergeben.<\/p>\n<p style=\"font-weight: 400;\">Im ersten Quartal eines jeden Gesch\u00e4ftsjahres findet eine ordentliche<\/p>\n<p style=\"font-weight: 400;\">Mitgliederversammlung statt.<\/p>\n<p style=\"font-weight: 400;\">Der Vorstand ist zur Einberufung einer au\u00dferordentlichen Mitgliederversammlung verpflichtet, wenn mindestens ein Drittel der Mitglieder dies schriftlich unter Angabe von Gr\u00fcnden verlangt.<\/p>\n<p style=\"font-weight: 400;\">Die Mitgliederversammlung wird vom Vorstand unter Einhaltung einer Frist von einem Monat auf der Internetseite der Ruppiger Rennsportgemeinschaft e.V. im ADAC in Textform ver\u00f6ffentlicht.<\/p>\n<p style=\"font-weight: 400;\">Die Einladung enth\u00e4lt Ort, Zeit und Tagesordnungspunkte.<\/p>\n<p style=\"font-weight: 400;\">Das Einladungsschreiben gilt als den Mitgliedern zugegangen, wenn es im Internet ver\u00f6ffentlicht wurde.<\/p>\n<p style=\"font-weight: 400;\">Die Tagesordnung ist zu erg\u00e4nzen, wenn dies ein Mitglied bis sp\u00e4testens eine Woche vor dem<\/p>\n<p style=\"font-weight: 400;\">angesetzten Termin schriftlich beantragt. Die Erg\u00e4nzung ist zu Beginn der Versammlung bekannt zu machen.<\/p>\n<p style=\"font-weight: 400;\">Antr\u00e4ge \u00fcber die Abwahl des Vorstands, \u00fcber die \u00c4nderung der Satzung und \u00fcber die Aufl\u00f6sung des Vereins, die den Mitgliedern nicht bereits mit der Einladung zur Mitgliederversammlung zugegangen sind, k\u00f6nnen erst auf der n\u00e4chsten Mitgliederversammlung beschlossen werden.<\/p>\n<p style=\"font-weight: 400;\">Die Mitgliederversammlung ist ohne R\u00fccksicht auf die Zahl der erschienenen Mitglieder beschlussf\u00e4hig.<\/p>\n<p style=\"font-weight: 400;\">Die Mitgliederversammlung wird von einem Vorstandsmitglied geleitet.<\/p>\n<p style=\"font-weight: 400;\">Zu Beginn der Mitgliederversammlung ist ein Schriftf\u00fchrer zu bestimmen.<\/p>\n<p style=\"font-weight: 400;\">Jedes Mitglied hat eine Stimme. Das Stimmrecht kann nur pers\u00f6nlich oder f\u00fcr ein Mitglied unter Vorlage einer schriftlichen Vollmacht ausge\u00fcbt werden.<\/p>\n<p style=\"font-weight: 400;\">Bei Abstimmungen entscheidet die einfache Mehrheit der abgegebenen Stimmen.<\/p>\n<p style=\"font-weight: 400;\">Satzungs\u00e4nderungen und die Aufl\u00f6sung des Vereins k\u00f6nnen nur mit einer Mehrheit von 2\/3 der anwesenden Mitglieder beschlossen werden.<\/p>\n<p style=\"font-weight: 400;\">Stimmenthaltungen und ung\u00fcltige Stimmen bleiben au\u00dfer Betracht.<\/p>\n<p style=\"font-weight: 400;\">\u00dcber die Beschl\u00fcsse der Mitgliederversammlung ist ein Protokoll anzufertigen, das vom Versammlungsleiter und dem Schriftf\u00fchrer zu unterzeichnen ist.<\/p>\n<ul>\n<li style=\"font-weight: 400;\">12 (Vorstand)<\/li>\n<\/ul>\n<p style=\"font-weight: 400;\">Der Vorstand im Sinn des \u00a7 26 BGB besteht aus dem\/der 1. und 2. Vorsitzenden\/in und dem\/der Schatzmeister\/in, sowie dem Sportleiter\/in , dem Pressesprecher\/in und dem Vorstandsmitglied f\u00fcr Verkehr. Sie vertreten den Verein gerichtlich und au\u00dfergerichtlich.<\/p>\n<p style=\"font-weight: 400;\">Zwei Vorstandsmitglieder vertreten gemeinsam.<\/p>\n<p style=\"font-weight: 400;\">Der Vorstand wird von der Mitgliederversammlung auf die Dauer von vier Jahren gew\u00e4hlt.<\/p>\n<p style=\"font-weight: 400;\">Vorstandsmitglieder k\u00f6nnen nur Mitglieder des Vereins werden.<\/p>\n<p style=\"font-weight: 400;\">&nbsp;Eine ADAC Mitgliedschaft ist Voraussetzung.<\/p>\n<p style=\"font-weight: 400;\">Wiederwahl ist zul\u00e4ssig.<\/p>\n<p style=\"font-weight: 400;\">Der Vorstand bleibt solange im Amt, bis ein neuer Vorstand gew\u00e4hlt ist.<\/p>\n<p style=\"font-weight: 400;\">Bei Beendigung der Mitgliedschaft im Verein endet auch das Amt als Vorstand.<\/p>\n<ul>\n<li style=\"font-weight: 400;\">13 (Kassenpr\u00fcfung)<\/li>\n<\/ul>\n<p style=\"font-weight: 400;\">Die Mitgliederversammlung w\u00e4hlt f\u00fcr die Dauer von einem Jahr eine\/n Kassenpr\u00fcfer\/in.<\/p>\n<p style=\"font-weight: 400;\">Diese\/r darf nicht Mitglied des Vorstands sein.<\/p>\n<p style=\"font-weight: 400;\">Wiederwahl ist zul\u00e4ssig.<\/p>\n<ul>\n<li style=\"font-weight: 400;\">14 (Aufl\u00f6sung des Vereins)<\/li>\n<\/ul>\n<p style=\"font-weight: 400;\">Bei Aufl\u00f6sung oder Aufhebung der K\u00f6rperschaft oder bei Wegfall steuerbeg\u00fcnstigter Zwecke,<\/p>\n<p style=\"font-weight: 400;\">f\u00e4llt das Verm\u00f6gen der ADAC Luftrettung &nbsp;gGmbH zu,<\/p>\n<p style=\"font-weight: 400;\">die es&nbsp; ausschlie\u00dflich f\u00fcr gemeinn\u00fctzige Zwecke zu verwenden hat.<\/p>\n<p style=\"font-weight: 400;\"><strong><u>Stand: 21.1.2023<\/u><\/strong><\/p>\n<p style=\"font-weight: 400;\"><span style=\"font-size: 12px;\">Satzung der Ruppiner Rennsportgemeinschaft e.V. im ADAC&nbsp; &#8211; stand 21.1.2023<\/span><\/p>\n","protected":false},"excerpt":{"rendered":"<p>Satzung der Ruppiner Rennsportgemeinschaft e.V. im ADAC 1 (Name und Sitz) Der Verein f\u00fchrt den Namen&nbsp;Ruppiner Rennsportgemeinschaft e.V. im ADAC. Der Sitz des Vereins ist beim Amtsgericht Neuruppin und unter VR 506 angemeldet. 2 (Gesch\u00e4ftsjahr) Gesch\u00e4ftsjahr ist das Kalenderjahr. 3 (Zweck des Vereins) Der Verein verfolgt ausschlie\u00dflich und unmittelbar gemeinn\u00fctzige&nbsp;Zwecke im Sinne des Abschnitts \u201eSteuerbeg\u00fcnstigte &hellip; <\/p>\n<p><a class=\"more-link btn\" href=\"http:\/\/www.ruppiner-rsg.de\/?page_id=337\">Weiterlesen<\/a><\/p>\n","protected":false},"author":2,"featured_media":0,"parent":0,"menu_order":0,"comment_status":"closed","ping_status":"closed","template":"","meta":{"footnotes":""},"_links":{"self":[{"href":"http:\/\/www.ruppiner-rsg.de\/index.php?rest_route=\/wp\/v2\/pages\/337"}],"collection":[{"href":"http:\/\/www.ruppiner-rsg.de\/index.php?rest_route=\/wp\/v2\/pages"}],"about":[{"href":"http:\/\/www.ruppiner-rsg.de\/index.php?rest_route=\/wp\/v2\/types\/page"}],"author":[{"embeddable":true,"href":"http:\/\/www.ruppiner-rsg.de\/index.php?rest_route=\/wp\/v2\/users\/2"}],"replies":[{"embeddable":true,"href":"http:\/\/www.ruppiner-rsg.de\/index.php?rest_route=%2Fwp%2Fv2%2Fcomments&post=337"}],"version-history":[{"count":7,"href":"http:\/\/www.ruppiner-rsg.de\/index.php?rest_route=\/wp\/v2\/pages\/337\/revisions"}],"predecessor-version":[{"id":3617,"href":"http:\/\/www.ruppiner-rsg.de\/index.php?rest_route=\/wp\/v2\/pages\/337\/revisions\/3617"}],"wp:attachment":[{"href":"http:\/\/www.ruppiner-rsg.de\/index.php?rest_route=%2Fwp%2Fv2%2Fmedia&parent=337"}],"curies":[{"name":"wp","href":"https:\/\/api.w.org\/{rel}","templated":true}]}}