{"id":33,"date":"2017-01-21T13:16:26","date_gmt":"2017-01-21T12:16:26","guid":{"rendered":"http:\/\/wordpress.ruppiner-rsg.de\/?page_id=33"},"modified":"2021-01-21T17:16:15","modified_gmt":"2021-01-21T16:16:15","slug":"verein","status":"publish","type":"page","link":"http:\/\/www.ruppiner-rsg.de\/?page_id=33","title":{"rendered":"Verein"},"content":{"rendered":"<p><strong>Ein Verein stellt sich vor &nbsp; &nbsp; &nbsp; &nbsp; &nbsp; &nbsp; &nbsp; &nbsp; &nbsp; &nbsp; &nbsp; &nbsp; &nbsp; &nbsp; &nbsp; &nbsp; &nbsp; &nbsp; &nbsp; &nbsp; &nbsp; &nbsp; &nbsp; &nbsp; &nbsp; &nbsp; &nbsp; &nbsp; &nbsp; &nbsp; &nbsp; &nbsp; &nbsp; &nbsp; &nbsp; &nbsp; &nbsp; &nbsp; &nbsp; &nbsp; &nbsp; &nbsp; &nbsp; &nbsp; &nbsp; &nbsp; &nbsp; &nbsp; &nbsp; &nbsp; &nbsp; &nbsp; &nbsp; &nbsp; &nbsp; &nbsp; &nbsp; &nbsp; &nbsp; &nbsp; &nbsp; &nbsp; &nbsp; &nbsp; &nbsp; &nbsp; &nbsp; &nbsp;&nbsp;<img loading=\"lazy\" decoding=\"async\" class=\"alignnone wp-image-3292\" src=\"http:\/\/www.ruppiner-rsg.de\/wp-content\/uploads\/2021\/01\/21766461_1463238287086442_1367210861436601198_n.jpeg\" alt=\"\" width=\"124\" height=\"127\"><\/strong><\/p>\n<p><strong><em>A<\/em><\/strong>us meiner Begeisterung f\u00fcr den Rallyesport ging Anfang der 90er die Idee hervor einen Verein zu gr\u00fcnden. Nach zahlreichen Gespr\u00e4chen und Terminen mit Sponsoren, den Gemeindebeh\u00f6rden sowie dem Amtsgericht war es endlich soweit. Gemeinsam mit 7 weiteren Motorsportfreunden gr\u00fcndete ich am 30.11.1994 einen gemeinn\u00fctzigen Verein mit dem Namen \u201eRuppiner Rennsportgemeinschaft e.V.\u201c<\/p>\n<p><strong><em>V<\/em><\/strong>on 1995 bis 1997 waren wir mit unserem Club bei zahlreichen Veranstaltungen anzutreffen und der Ehrgeiz selbst eine Rallye zu organisieren stieg von Tag zu Tag. So entschlossen wir uns die Fontane Rallye wieder aufleben zu lassen, die es bereits vor 1990 schon in dieser Region gab. Am 18.04.1998 war es soweit, wir wurden Orts-Club im ADAC Berlin-Brandenburg und unsere 1. Fontane Rallye wurde ein voller Erfolg. Mittlerweile ist unsere Schotterrallye aus der Rallye 200 Szene nicht mehr wegzudenken. Ca.100 Teams nehmen jedes Jahr unsere Rallye unter die R\u00e4der und wir sind Jahr f\u00fcr Jahr bem\u00fcht ihr Vertrauen in unsere Veranstaltungen mit Gastfreundlichkeit und einer optimalen Organisation zu best\u00e4tigen.<\/p>\n<p><em><strong>U<\/strong><\/em>nser kleiner Verein z\u00e4hlt mehr als vierzig Mitglieder und unsere Aktiven zeigen im<br \/>\nIn \u2013 und Ausland ihr K\u00f6nnen auf zwei und vier R\u00e4dern.<\/p>\n<p><strong><em>I<\/em><\/strong>ch w\u00fcrde mich freuen, Sie als Urlauber, Teilnehmer oder Zuschauer einmal in der Fontanestadt Neuruppin begr\u00fc\u00dfen zu d\u00fcrfen.<\/p>\n<p><em>Ihr J\u00f6rg Litfin<\/em><\/p>\n<p>&nbsp;<\/p>\n<table style=\"width: 99.4667%; height: 1410px;\" border=\"0\">\n<tbody>\n<tr style=\"height: 62px;\">\n<td style=\"height: 62px;\" align=\"left\"><strong>30.11.1994<\/strong><\/td>\n<td style=\"height: 62px;\" align=\"left\">Die Ruppiner Rennsportgemeinschaft<br \/>\nwurde unter Vorsitz von J\u00f6rg Litfin gegr\u00fcndet<\/td>\n<\/tr>\n<tr style=\"height: 39px;\">\n<td style=\"height: 39px;\" align=\"left\"><strong>01.01.1995<\/strong><\/td>\n<td style=\"height: 39px;\" align=\"left\">Eintragung als Verein<\/td>\n<\/tr>\n<tr style=\"height: 62px;\">\n<td style=\"height: 62px;\" align=\"left\"><strong>01.02.1995<\/strong><\/td>\n<td style=\"height: 62px;\" align=\"left\">erfolgten die ersten Starts bei nationalen und internationalen<br \/>\nRallyeveranstaltungen<\/td>\n<\/tr>\n<tr style=\"height: 62px;\">\n<td style=\"height: 62px;\" align=\"left\"><strong>1995-1997<\/strong><\/td>\n<td style=\"height: 62px;\" align=\"left\">organisierten wir in Zusammenarbeit mit Wilfried Janke das<br \/>\nallj\u00e4hrlich stattfindene Biker-Triker-Trabi Treffen in Alt-Lutterow<\/td>\n<\/tr>\n<tr style=\"height: 39px;\">\n<td style=\"height: 39px;\" align=\"left\"><strong>16.04.1998<\/strong><\/td>\n<td style=\"height: 39px;\" align=\"left\">Die Ruppiner Rennsportgemeinschaft e.V. wird ADAC &#8211; Ortsclub<\/td>\n<\/tr>\n<tr style=\"height: 39px;\">\n<td style=\"height: 39px;\" align=\"left\"><strong>18.04.1998<\/strong><\/td>\n<td style=\"height: 39px;\" align=\"left\">1. ADAC Fontane-Rallye mit 63 Teilnehmern<\/td>\n<\/tr>\n<tr style=\"height: 39px;\">\n<td style=\"height: 39px;\" align=\"left\"><strong>10.04.1999<\/strong><\/td>\n<td style=\"height: 39px;\" align=\"left\">2. ADAC Fontane-Rallye mit 74 Teilnehmern<\/td>\n<\/tr>\n<tr style=\"height: 39px;\">\n<td style=\"height: 39px;\" align=\"left\"><strong>08.04.2000<\/strong><\/td>\n<td style=\"height: 39px;\" align=\"left\">3. ADAC Fontane-Rallye mit 93 Teilnehmern<\/td>\n<\/tr>\n<tr style=\"height: 39px;\">\n<td style=\"height: 39px;\" align=\"left\"><strong>14.04.2001<\/strong><\/td>\n<td style=\"height: 39px;\" align=\"left\">4. ADAC Fontane Rallye mit 104 Teilnehmern<\/td>\n<\/tr>\n<tr style=\"height: 39px;\">\n<td style=\"height: 39px;\" align=\"left\"><strong>11.05.2002<\/strong><\/td>\n<td style=\"height: 39px;\" align=\"left\">5. ADAC Fontane Rallye mit 107 Teilnehmern<\/td>\n<\/tr>\n<tr style=\"height: 39px;\">\n<td style=\"height: 39px;\" align=\"left\"><strong>14.06.2003<\/strong><\/td>\n<td style=\"height: 39px;\" align=\"left\">6. ADAC Fontane Rallye mit 88 Teilnehmern<\/td>\n<\/tr>\n<tr style=\"height: 39px;\">\n<td style=\"height: 39px;\" align=\"left\"><strong>18.09.2004<\/strong><\/td>\n<td style=\"height: 39px;\" align=\"left\">7. ADAC Fontane Rallye mit 91 Teilnehmern<\/td>\n<\/tr>\n<tr style=\"height: 39px;\">\n<td style=\"height: 39px;\" align=\"left\"><strong>03.09.2005<\/strong><\/td>\n<td style=\"height: 39px;\" align=\"left\">8. ADAC Fontane Rallye mit 68 Teilnehmern<\/td>\n<\/tr>\n<tr style=\"height: 39px;\">\n<td style=\"height: 39px;\" align=\"left\"><strong>22.04.2006<\/strong><\/td>\n<td style=\"height: 39px;\" align=\"left\">9. ADAC Fontane Rallye mit 60 Teinehmern<\/td>\n<\/tr>\n<tr style=\"height: 39px;\">\n<td style=\"height: 39px;\" align=\"left\"><strong>14.04.2007<\/strong><\/td>\n<td style=\"height: 39px;\" align=\"left\">10. ADAC Fontane Rallye mit 68 Teilnehmern<\/td>\n<\/tr>\n<tr style=\"height: 39px;\">\n<td style=\"height: 39px;\" align=\"left\"><strong>24.04.2010<\/strong><\/td>\n<td style=\"height: 39px;\" align=\"left\">11. ADAC Fontane Rallye mit 40 Teilnehmern<\/td>\n<\/tr>\n<tr style=\"height: 39px;\">\n<td style=\"height: 39px;\" align=\"left\"><strong>12.03.2011<\/strong><\/td>\n<td style=\"height: 39px;\" align=\"left\">12. ADAC Fontane Rallye mit 40 Teilnehmern<\/td>\n<\/tr>\n<tr style=\"height: 39px;\">\n<td style=\"height: 39px;\" align=\"left\"><strong>14.04.2012<\/strong><\/td>\n<td style=\"height: 39px;\" align=\"left\">13. ADAC Fontane Rallye mit 51 Teilnehmern<\/td>\n<\/tr>\n<tr style=\"height: 39px;\">\n<td style=\"height: 39px;\" align=\"left\"><strong>20.04.2013<\/strong><\/td>\n<td style=\"height: 39px;\" align=\"left\">14. ADAC Fontane Rallye mit 53 Teilnehmern<\/td>\n<\/tr>\n<tr style=\"height: 39px;\">\n<td style=\"height: 39px;\" align=\"left\"><strong>26.04.2014<\/strong><\/td>\n<td style=\"height: 39px;\" align=\"left\">15. ADAC Fontane Rallye mit 63 Teilnehmern<\/td>\n<\/tr>\n<tr style=\"height: 39px;\">\n<td style=\"height: 39px;\" align=\"left\"><strong>25.04.2015<\/strong><\/td>\n<td style=\"height: 39px;\" align=\"left\">16. ADAC Fontane Rallye mit 54 Teilnehmern<\/td>\n<\/tr>\n<tr style=\"height: 39px;\">\n<td style=\"height: 39px;\" align=\"left\"><strong>30.04.2016<\/strong><\/td>\n<td style=\"height: 39px;\" align=\"left\">17. ADAC Fontane Rallye mit 54 Teilnehmern<\/td>\n<\/tr>\n<tr style=\"height: 39px;\">\n<td style=\"height: 39px;\" align=\"left\"><strong>18.09.2016<\/strong><\/td>\n<td style=\"height: 39px;\" align=\"left\">1.+2. ADAC Stadtslalom mit 101 Teilnehmern<\/td>\n<\/tr>\n<tr style=\"height: 39px;\">\n<td style=\"height: 39px;\" align=\"left\"><strong>29.04.2017<\/strong><\/td>\n<td style=\"height: 39px;\" align=\"left\">18. ADAC Fontane Rallye mit 44 Teilnehmern<\/td>\n<\/tr>\n<tr style=\"height: 39px;\">\n<td style=\"height: 39px;\" align=\"left\"><strong>24.09.2017<\/strong><\/td>\n<td style=\"height: 39px;\" align=\"left\">3.+4. ADAC Stadtslalom<\/td>\n<\/tr>\n<tr style=\"height: 61px;\">\n<td style=\"height: 61px;\"><strong>28.04.2018<br \/>\n<\/strong><\/td>\n<td style=\"height: 61px;\">19. ADAC Fontane Rallye mit 56 Teilnehmern<\/td>\n<\/tr>\n<tr style=\"height: 61px;\">\n<td style=\"height: 61px;\"><strong>30.09.2018<br \/>\n<\/strong><\/td>\n<td style=\"height: 61px;\">5.+6. ADAC Stadtslalom 100 Teilnehmern<\/td>\n<\/tr>\n<tr style=\"height: 61px;\">\n<td style=\"height: 61px;\"><strong>27.04.2019<br \/>\n<\/strong><\/td>\n<td style=\"height: 61px;\">20. ADAC Fontane Rallye mit 59 Teilnehmern<\/td>\n<\/tr>\n<tr style=\"height: 61px;\">\n<td style=\"height: 61px;\"><strong>29.09.2019<br \/>\n<\/strong><\/td>\n<td style=\"height: 61px;\">7.+8. ADAC Stadtslalom mit 102 Teilnehmern<\/td>\n<\/tr>\n<tr style=\"height: 61px;\">\n<td style=\"height: 61px;\"><strong>14.03.2020<br \/>\n<\/strong><\/td>\n<td style=\"height: 61px;\">21. ADAC Fontane Rallye mit 60 Teilnehmern<\/td>\n<\/tr>\n<tr style=\"height: 61px;\">\n<td style=\"height: 61px;\"><strong>03.10.2020<br \/>\n<\/strong><\/td>\n<td style=\"height: 61px;\">9.+10. ADAC Stadtslalom mit 47 Teilnehmern<\/td>\n<\/tr>\n<\/tbody>\n<\/table>\n<p>Kontakt :&nbsp;&nbsp;rsg.neuruppin(@) yahoo.de ;&nbsp;Fax Nummer&nbsp;&nbsp;<a href=\"tel:03391-34%2085%2060%208\" target=\"_blank\" rel=\"noopener\">03391-34 85 60 8<\/a><\/p>\n","protected":false},"excerpt":{"rendered":"<p>Ein Verein stellt sich vor &nbsp; &nbsp; &nbsp; &nbsp; &nbsp; &nbsp; &nbsp; &nbsp; &nbsp; &nbsp; &nbsp; &nbsp; &nbsp; &nbsp; &nbsp; &nbsp; &nbsp; &nbsp; &nbsp; &nbsp; &nbsp; &nbsp; &nbsp; &nbsp; &nbsp; &nbsp; &nbsp; &nbsp; &nbsp; &nbsp; &nbsp; &nbsp; &nbsp; &nbsp; &nbsp; &nbsp; &nbsp; &nbsp; &nbsp; &nbsp; &nbsp; &nbsp; &nbsp; &nbsp; &nbsp; &nbsp; &nbsp; &nbsp; &nbsp; &nbsp; &hellip; <\/p>\n<p><a class=\"more-link btn\" href=\"http:\/\/www.ruppiner-rsg.de\/?page_id=33\">Weiterlesen<\/a><\/p>\n","protected":false},"author":1,"featured_media":0,"parent":0,"menu_order":0,"comment_status":"closed","ping_status":"closed","template":"","meta":{"footnotes":""},"_links":{"self":[{"href":"http:\/\/www.ruppiner-rsg.de\/index.php?rest_route=\/wp\/v2\/pages\/33"}],"collection":[{"href":"http:\/\/www.ruppiner-rsg.de\/index.php?rest_route=\/wp\/v2\/pages"}],"about":[{"href":"http:\/\/www.ruppiner-rsg.de\/index.php?rest_route=\/wp\/v2\/types\/page"}],"author":[{"embeddable":true,"href":"http:\/\/www.ruppiner-rsg.de\/index.php?rest_route=\/wp\/v2\/users\/1"}],"replies":[{"embeddable":true,"href":"http:\/\/www.ruppiner-rsg.de\/index.php?rest_route=%2Fwp%2Fv2%2Fcomments&post=33"}],"version-history":[{"count":11,"href":"http:\/\/www.ruppiner-rsg.de\/index.php?rest_route=\/wp\/v2\/pages\/33\/revisions"}],"predecessor-version":[{"id":3294,"href":"http:\/\/www.ruppiner-rsg.de\/index.php?rest_route=\/wp\/v2\/pages\/33\/revisions\/3294"}],"wp:attachment":[{"href":"http:\/\/www.ruppiner-rsg.de\/index.php?rest_route=%2Fwp%2Fv2%2Fmedia&parent=33"}],"curies":[{"name":"wp","href":"https:\/\/api.w.org\/{rel}","templated":true}]}}