{"id":206,"date":"2017-01-22T00:13:49","date_gmt":"2017-01-21T23:13:49","guid":{"rendered":"http:\/\/wordpress.ruppiner-rsg.de\/?page_id=206"},"modified":"2017-01-27T23:50:18","modified_gmt":"2017-01-27T22:50:18","slug":"12-adac-fontane-rallye-2011","status":"publish","type":"page","link":"http:\/\/www.ruppiner-rsg.de\/?page_id=206","title":{"rendered":"12. ADAC Fontane Rallye 2011"},"content":{"rendered":"<p>&nbsp;<\/p>\n<table style=\"width: 619px;\" border=\"0\">\n<tbody>\n<tr style=\"height: 28px;\">\n<td style=\"border: 1px solid #ffffff; height: 28px;\"><strong>Downloads<\/strong><\/td>\n<td style=\"border: 1px solid #ffffff; height: 28px;\" colspan=\"2\"><\/td>\n<\/tr>\n<tr style=\"height: 28px;\">\n<td style=\"border: 1px solid #ffffff; height: 28px;\"><\/td>\n<td style=\"border: 1px solid #ffffff; height: 28px;\" colspan=\"2\"><a href=\"http:\/\/www.ruppiner-rsg.de\/Unterlagen\/Dokumente Rallye 2011\/Starterliste2011.pdf\"><strong>S<\/strong>tarterliste<\/a><\/td>\n<\/tr>\n<tr style=\"height: 56px;\">\n<td style=\"border: 1px solid #ffffff; height: 56px;\"><\/td>\n<td style=\"border: 1px solid #ffffff; height: 56px;\" colspan=\"2\"><a href=\"http:\/\/www.ruppiner-rsg.de\/Unterlagen\/Dokumente Rallye 2011\/Gesamtergebnis2011.pdf\"><strong>E<\/strong>rgebnisse<\/a><span style=\"font-size: xx-small;\">\u00a0<\/span><\/td>\n<\/tr>\n<tr style=\"height: 54px;\">\n<td style=\"border: 1px solid #ffffff; height: 54px;\"><\/td>\n<td style=\"border: 1px solid #ffffff; height: 54px;\" colspan=\"2\"><a href=\"http:\/\/www.ruppiner-rsg.de\/?page_id=559\"><strong>Bilder\/Video\u00fcbersicht<\/strong><\/a><\/td>\n<\/tr>\n<\/tbody>\n<\/table>\n<p>&nbsp;<\/p>\n<table border=\"0\">\n<tbody>\n<tr>\n<td style=\"background-color: #ffffff; border: 1px solid #ffffff;\"><img loading=\"lazy\" decoding=\"async\" src=\"http:\/\/www.bilder.kk-rallyeteam.de\/albums\/Fontane2011\/normal_31.JPG\" width=\"200\" height=\"133\" border=\"0\" \/><\/td>\n<td style=\"background-color: #ffffff; border: 1px solid #ffffff;\"><span style=\"font-size: 10pt;\"><span style=\"font-family: arial,helvetica,sans-serif;\"><span style=\"font-size: 8pt;\"><strong><span style=\"font-size: 10pt;\">Ehrentafel ( Sieger 2011 )<\/span><\/strong><\/span><\/span><\/span><\/p>\n<p><span style=\"font-size: 10pt;\"><span style=\"font-family: arial,helvetica,sans-serif;\"><span style=\"font-size: 8pt;\"><span style=\"font-size: 10pt;\"><em>1. Raphael Ramonat \/ Steffen Schmidt &#8211; Mitsubishi Lancer<\/em><\/span><\/span><\/span><\/span><\/p>\n<p><span style=\"font-family: arial,helvetica,sans-serif;\"><span style=\"font-size: 8pt;\"><span style=\"font-size: 10pt;\"><em>2. Guido Imhoff \/ Sebastian Walker &#8211;\u00a0VW Golf III Kit Car<\/em><\/span><\/span><\/span><\/p>\n<p><span style=\"font-size: 10pt;\"><span style=\"font-family: arial,helvetica,sans-serif;\"><span style=\"font-size: 8pt;\"><span style=\"font-size: 10pt;\"><em>3. Bernd Kn\u00fcpfer \/ Alexander Hirsch &#8211;\u00a0Opel Astra OPC Turbo<\/em>\u00a0<\/span><\/span><\/span><\/span><\/p>\n<p><span style=\"font-size: 10pt;\"><span style=\"font-family: arial,helvetica,sans-serif;\"><span style=\"font-size: 8pt;\"><span style=\"font-size: 10pt;\">\u00a0\u00a0\u00a0<\/span>\u00a0\u00a0<\/span><\/span><\/span><\/td>\n<\/tr>\n<\/tbody>\n<\/table>\n<p>&nbsp;<\/p>\n<p>Rallye-Magazin<\/p>\n<div style=\"height: 100%; width: 100% !important; background-image: initial; background-attachment: initial; background-origin: initial; background-clip: initial; padding: 0px; margin: 0px auto 0px auto;\">\n<div style=\"color: #666666; text-transform: uppercase; font-weight: bold; font-size: 10px; padding: 0px; margin: 10px 0px 0px 0px;\">FONTANE-RALLYE<\/div>\n<div style=\"color: #cc0000; font-weight: bold; font-size: 22px; margin: 0px 0px 10px 0px;\"><span style=\"font-size: 12pt;\">Ost-Auftakt mit Ramonat-Sieg<\/span><\/div>\n<div style=\"text-transform: none; line-height: 1.3; margin: 0px 0px 10px 0px;\">\n<h3 style=\"font-family: Verdana, Geneva, Arial, Helvetica, sans-serif; text-transform: none; font-size: 12px; color: #000000; font-weight: bold; padding: 0px; margin: 0px;\">Raphael Ramonat gewinnt im Mitsubishi die Neuruppiner Fontane-Rallye vor Golf-Treter Guido Imhoff und Astra-Tiefflieger Bernd Kn\u00fcpfer<\/h3>\n<\/div>\n<div style=\"padding: 0px; margin: 10px 0px 0px 0px;\">\n<div style=\"margin: 0px;\"><a href=\"http:\/\/www.rallye-magazin.de\/top\/topnews\/d16\/d\/2011\/03\/13\/ost-auftakt-mit-ramonat-sieg\/index.html\" target=\"_blank\">Quelle : www.Rallye-magazin.de<\/a><\/div>\n<div style=\"margin: 0px;\">\n<p style=\"font-family: Verdana, Geneva, Arial, Helvetica, sans-serif; font-size: 12px; line-height: 1.3; padding: 0px; margin: 0px;\">Bei sieben der elf Fontane-Rallyes haben die Lokalmatadoren Wolfgang Meierholz und Frank Richert dominiert. Doch 2011 stehen drei Teams auf dem Treppchen, die eine weite Anreise aus Th\u00fcringen, Niedersachsen und Sachsen zur\u00fcckgelegt haben. Ausgerechnet das Team mit der weitesten Anfahrt, Raphael Ramonat und sein Schwager und Co Steffen Schmidt, holt sich den Siegerpokal. Mit dem 300 PS starken Lancer muss Ramonat hart k\u00e4mpfen und drei von sechs Bestzeiten fahren, um den Erfolg zu sichern und damit einen ersten Schritt zu machen f\u00fcr das angestrebte Saisonziel: die ADMV-Rallyemeisterschaft.<\/p>\n<p style=\"font-family: Verdana, Geneva, Arial, Helvetica, sans-serif; font-size: 12px; line-height: 1.3; padding: 0px; margin: 0px;\">Zwei Fronttriebler mischen die Allrad-Armada kr\u00e4ftig auf. Guido Imhoff und Seb Walker, die Fontane-Sieger von 2006, starten mit dem VW Golf III fulminant. Sie setzen auf der WP 1 &#8211; mit tollen Kurvenkombinationen und der spektakul\u00e4ren Ortsdurchfahrt Werder \u2013 die Bestzeit und verteidigen die Spitze bis zur ersten Pause. Dann m\u00fcssen sie Ramonat ziehen lassen, bleiben aber am Th\u00fcringer dran und k\u00f6nnen nach ihrer Bestzeit bei der dritten Werder-Passage den R\u00fcckstand auf 1,8 Sekunden verringern. Das Ziel erreichen die Niedersachsen auf Rang 2 vor Bernd Kn\u00fcpfer und Alexander Hirsch im Opel Astra Turbo. Das Gr\u00fcnhainer Team jagt den frontgetriebenen Opel auf der letzten Rille \u00fcber die sechs Asphalt-Pr\u00fcfungen und erk\u00e4mpft den dritten Platz auf dem Podium vor vier Allradlern.<\/p>\n<p style=\"font-family: Verdana, Geneva, Arial, Helvetica, sans-serif; font-size: 12px; line-height: 1.3; padding: 0px; margin: 0px;\">Lazar Kan verpasst Rang 3 um knappe drei Sekunden. Mit dem von Matthias Prillwitz eingesetzten Gruppe-N-Evo 9 kann er immerhin eine Bestzeit hinlegen und den Markenkollegen Ken Milde und Wolfgang Meierholz \u2013 der viermalige Fontane-Sieger leidet unter einer schweren Grippe \u2013 den Auspuff zeigen. Der Berliner Stephan Dzewas schie\u00dft sich auf seinen Cossies immer besser ein und schnappt sich Gero Wildgrube, der mit seinem BMW 325 in WP 4 einen zeitraubenden Dreher produziert.<\/p>\n<p style=\"font-family: Verdana, Geneva, Arial, Helvetica, sans-serif; font-size: 12px; line-height: 1.3; padding: 0px; margin: 0px;\">Trotz NARC-200-Meisterschaft und Rallye-Cup-Nord lassen sich nur wenige norddeutsche Fahrer in Brandenburg blicken. Aber sie schlagen sich erfolgreich: Uwe Broda bringt seinen Gruppe-H-Golf auf Gesamtrang 9, nachdem Marc Bach seinen Tiefflug im Skoda Octavia mit ausgeh\u00e4ngten Gaszug unterbrechen muss, Thomas Schnelle gewinnt nach hartem Kampf mit dem Clio-Junior Christian Bauer die 2-Liter-Klasse der Gruppe F. In der Gruppe G holen sich die L\u00fcbecker Frank Kaubek und Marco Mundt im BMW 318 die Pokale und viele Meisterschaftspunkte.<\/p>\n<p style=\"font-family: Verdana, Geneva, Arial, Helvetica, sans-serif; font-size: 12px; line-height: 1.3; padding: 0px; margin: 0px;\">In den kleinen Klassen feiern Jan R\u00f6\u00dfner (Suzuki, H bis 1300), Mirko Graf (Citroen, F bis 1600) und \u2013 trotz eines Schikanen-Ausrutschers &#8211; Sepp Wiegand (VW Lupo, H bis 1600) erste Saisonerfolge. Andreas Schramm f\u00e4hrt die Trabi-Konkurrenz in Grund und Boden und beendet seine lange Pechstr\u00e4hne.<\/p>\n<p style=\"font-family: Verdana, Geneva, Arial, Helvetica, sans-serif; font-size: 12px; line-height: 1.3; padding: 0px; margin: 0px;\">Mit nur 40 Teams, davon 35 im Ziel, schrammt die Fontane-Rallye nur knapp an einer Absage vorbei. Das klare Konzept, der minutengenaue Ablauf und die famili\u00e4re Atmosph\u00e4re sollten f\u00fcr 2012 eine bessere Ausgangsposition schaffen.<\/p>\n<p style=\"font-family: Verdana, Geneva, Arial, Helvetica, sans-serif; font-size: 12px; line-height: 1.3; padding: 0px; margin: 0px;\"><strong>Ergebnis 12. ADAC-Fontane-Rallye Neuruppin am 12. M\u00e4rz 2011:<\/strong><\/p>\n<p style=\"font-family: Verdana, Geneva, Arial, Helvetica, sans-serif; font-size: 12px; line-height: 1.3; padding: 0px; margin: 0px;\">01. Raphael Ramonat \/ Steffen Schmidt, Mitsubishi Evo 6, H16, 19:10,9<\/p>\n<p style=\"font-family: Verdana, Geneva, Arial, Helvetica, sans-serif; font-size: 12px; line-height: 1.3; padding: 0px; margin: 0px;\">02. Guido Imhoff \/ Sebastian Walker, VW Golf III Kit, H14, + 6,8<br \/>\n03. Bernd Kn\u00fcpfer \/ Alex Hirsch, Opel Astra OPC Turbo, N3B, + 16,5<br \/>\n04. Lazar Kan \/ Falkmar Platz, Mitsubishi Evo 9, N3A, + 19,8<br \/>\n05. Ken Milde \/ Michael Mai, Mitsubishi Evo 6, F3A, + 42,2<br \/>\n06. Wolfgang Meierholz \/ Marco Schr\u00f6der, Mitsubishi Evo 6, H16, + 52,9<br \/>\n07. Stephan Dzewas \/ Rainer Insel, Ford Escort Cosworth, H16, + 1:07,1<br \/>\n08. Gero Wildgrube \/ Kerstin Munkwitz, BMW 325i, H15, + 1:09,7<br \/>\n09. Uwe Broda \/ Daniel Rohde, VW Golf GTI 16V, H14, + 1:15,1<br \/>\n10. Thomas Schnelle \/ Christine Hagen, VW Golf GTI 16V, F8, + 1:43,6<\/p>\n<\/div>\n<\/div>\n<p style=\"font-family: Verdana, Geneva, Arial, Helvetica, sans-serif; font-size: 12px; line-height: 1.3; padding: 0px; margin: 0px;\">Video<\/p>\n<\/div>\n<p style=\"font-family: Verdana, Geneva, Arial, Helvetica, sans-serif; font-size: 12px; line-height: 1.3; padding: 0px; margin: 0px;\">[embedyt] http:\/\/www.youtube.com\/watch?v=uIohPhXEwTQ[\/embedyt]<\/p>\n","protected":false},"excerpt":{"rendered":"<p>&nbsp; Downloads Starterliste Ergebnisse\u00a0 Bilder\/Video\u00fcbersicht &nbsp; Ehrentafel ( Sieger 2011 ) 1. Raphael Ramonat \/ Steffen Schmidt &#8211; Mitsubishi Lancer 2. Guido Imhoff \/ Sebastian Walker &#8211;\u00a0VW Golf III Kit Car 3. Bernd Kn\u00fcpfer \/ Alexander Hirsch &#8211;\u00a0Opel Astra OPC Turbo\u00a0 \u00a0\u00a0\u00a0\u00a0\u00a0 &nbsp; Rallye-Magazin FONTANE-RALLYE Ost-Auftakt mit Ramonat-Sieg Raphael Ramonat gewinnt im Mitsubishi die Neuruppiner &hellip; <\/p>\n<p><a class=\"more-link btn\" href=\"http:\/\/www.ruppiner-rsg.de\/?page_id=206\">Weiterlesen<\/a><\/p>\n","protected":false},"author":1,"featured_media":0,"parent":0,"menu_order":0,"comment_status":"closed","ping_status":"closed","template":"","meta":{"footnotes":""},"_links":{"self":[{"href":"http:\/\/www.ruppiner-rsg.de\/index.php?rest_route=\/wp\/v2\/pages\/206"}],"collection":[{"href":"http:\/\/www.ruppiner-rsg.de\/index.php?rest_route=\/wp\/v2\/pages"}],"about":[{"href":"http:\/\/www.ruppiner-rsg.de\/index.php?rest_route=\/wp\/v2\/types\/page"}],"author":[{"embeddable":true,"href":"http:\/\/www.ruppiner-rsg.de\/index.php?rest_route=\/wp\/v2\/users\/1"}],"replies":[{"embeddable":true,"href":"http:\/\/www.ruppiner-rsg.de\/index.php?rest_route=%2Fwp%2Fv2%2Fcomments&post=206"}],"version-history":[{"count":5,"href":"http:\/\/www.ruppiner-rsg.de\/index.php?rest_route=\/wp\/v2\/pages\/206\/revisions"}],"predecessor-version":[{"id":561,"href":"http:\/\/www.ruppiner-rsg.de\/index.php?rest_route=\/wp\/v2\/pages\/206\/revisions\/561"}],"wp:attachment":[{"href":"http:\/\/www.ruppiner-rsg.de\/index.php?rest_route=%2Fwp%2Fv2%2Fmedia&parent=206"}],"curies":[{"name":"wp","href":"https:\/\/api.w.org\/{rel}","templated":true}]}}