{"id":109,"date":"2017-01-21T22:12:38","date_gmt":"2017-01-21T21:12:38","guid":{"rendered":"http:\/\/wordpress.ruppiner-rsg.de\/?page_id=109"},"modified":"2024-02-22T21:05:06","modified_gmt":"2024-02-22T20:05:06","slug":"sponsorenpartner","status":"publish","type":"page","link":"http:\/\/www.ruppiner-rsg.de\/?page_id=109","title":{"rendered":"Sponsoren \/ F\u00f6rderer"},"content":{"rendered":"<div style=\"text-align: justify;\">\n<div class=\"page\" title=\"Page 1\">\n<div class=\"layoutArea\">\n<div class=\"column\">\n<p>Danksagung<\/p>\n<\/div>\n<\/div>\n<div class=\"layoutArea\">\n<div class=\"column\">\n<p>&nbsp;<\/p>\n<p>Die Ruppiner Rennsportgemeinschaft e.V. im ADAC sagt allen Danke, die es erm\u00f6glicht haben, dass die ADAC Fontane Rallye stattfinden konnte und dankt Ihnen f\u00fcr Ihre Jahre lange Treue zum Verein.<\/p>\n<p>Wir bedanken uns f\u00fcr die logistische, materielle und finanzielle Unterst\u00fctzung!<\/p>\n<p><span style=\"text-decoration: underline;\"><strong>Bei den Beh\u00f6rden:<\/strong><\/span><\/p>\n<p>Kreisverwaltung Ostprignitz- Ruppin, Stra\u00dfenverkehrsamt, Ordnungsamt, Umweltamt, Stadtverwaltung Neuruppin- B\u00fcrgermeister<br \/>\nStadtbrandmeister FFW Neuruppin<br \/>\nKameraden der FFW Altruppin<\/p>\n<p>Sport und Kulturausschuss Neuruppin Amt Temnitz &#8211; Amtsleiterin<br \/>\nAmt Lindow &#8211; Amtsleiter<br \/>\nB\u00fcrgermeisterin Gemeinde Herzberg\/Mark<br \/>\nB\u00fcrgermeisterin Gemeinde R\u00fcthnick<br \/>\nPolizeiinspektion Neuruppin<\/p>\n<p><span style=\"text-decoration: underline;\"><strong>Bei den Unternehmen:<\/strong><\/span><\/p>\n<p>ADAC Berlin Brandenburg e.V.<br \/>\nStadtwerke Neuruppin- Gesch\u00e4ftsleitung<br \/>\nStadtbauhof &#8222;Eigenbetrieb&#8220; Neuruppin<br \/>\nOstprignitz Ruppiner Personennahverkehrs GmbH- Henri Kmotscheck- Ulrich Steffen- Neuruppin<br \/>\nEDEKA- Neuruppin, Familie Brehme-Neuruppin- Rheinsberg- Flecken Zechlin<br \/>\nAutopflegeservice Dennis Pl\u00f6tz- Neuruppin<br \/>\nSporthotel-Sportcenter Kaatzsch- Neuruppin<br \/>\nMedienpartner- Ruppiner Anzeiger- Neuruppin<br \/>\nLokalzeitung Wochenspiegel- Neuruppin<br \/>\nM\u00e4rkische Allgemeine Zeitung- Neuruppin<br \/>\nB\u00fcrobedarf- Michael Schwendy- Zossen<br \/>\nRallye Service Info Dienst- Alfred Gorny- Berlin<br \/>\nSound Edition- Detlef Butzke- Neuruppin<br \/>\nGastst\u00e4tte Seebad Altruppin- Peer Ettel<br \/>\nPension Seegarten- Neuruppin<br \/>\nDRK &#8211; Neuruppin<br \/>\nADAC Gesch\u00e4ftsstelle- Neuruppin<br \/>\nTierproduktion L\u00fcck &amp; Schulz &#8211; Mario Schulz &#8211; Herzberg\/ Mark<br \/>\nRuppiner Ausbau GmbH- Mathias Bachmann- Neuruppin<br \/>\nRMS- Ruppiner Mineral\u00f6lhandel &amp; Service &#8211; Armin Schuch- Wulkow<br \/>\nJacob &#8211; Cement und Baustoffe- Neuruppin<br \/>\nB\u00e4ckerei Gr\u00f6pler- Neuruppin<br \/>\nBand \u201cUnerh\u00f6rt\u201c Neuruppin<br \/>\nSebral- Feuerl\u00f6scher- J\u00f6rg Teske- Neuruppin<br \/>\nAutohaus Wernicke- Altruppin &#8211; Daniel Hildebrand &#8211; Marco Fedchenheuer<br \/>\nAutozentrum Treskow- Christian K\u00f6pernick-Neuruppin<br \/>\nAbschlepp und Service Dienst Dabergotz- G\u00fcnter K\u00f6pernick<br \/>\nAgra GmbH Kr\u00e4nzlin &#8211; Herr Irrgang<br \/>\nHeidschnuckenhof-Sch\u00e4ferei &#8222;Grewe&#8220; Gbr.- Storbeck-Alte Meierei<br \/>\nRadio Antenne Brandenburg vom RBB<br \/>\nZF Friedrichshafen AG<br \/>\nMSG Melsungen- Helmut Eberhardt<br \/>\nZimmerei Lenz &#8211; Peter Lenz<\/p>\n<p><strong><span style=\"text-decoration: underline;\">Bei der Streckensicherung:<\/span><\/strong><\/p>\n<p>FFw Neuruppin- Alt Ruppin<br \/>\nPrivate Renngemeinschaft Spandau- Berlin (ADAC) MC- Automobil- Berlin (ADMV)<br \/>\nMC- Mot. Tourist- Berlin (ADAC)<br \/>\nFFw Werder&#8230; Helfer au\u00dfer Dienst<br \/>\nFreunde der Feuerwehr Werder e.V. &#8211; Werder Heimatverein Werder<br \/>\nFFw Alt Ruppin<br \/>\nMirco Krug &#8211; Funkabsicherung &#8211; Kassel<\/p>\n<p>Bei der Enduro Truppe als schnelle Kuriere- Obmann Andreas Melzer und Fahrer-Neuruppin<br \/>\nSowie bei den B\u00fcrgern im Umland, den vielen flei\u00dfigen ungenannten Helfern (150) an der Strecke und den angereisten Teams.<\/p>\n<p>Auf weiterhin gute Zusammenarbeit w\u00fcnschen die Mitglieder der Ruppiner RSG e.V. im ADAC!<\/p>\n<\/div>\n<\/div>\n<\/div>\n<\/div>\n","protected":false},"excerpt":{"rendered":"<p>Danksagung &nbsp; Die Ruppiner Rennsportgemeinschaft e.V. im ADAC sagt allen Danke, die es erm\u00f6glicht haben, dass die ADAC Fontane Rallye stattfinden konnte und dankt Ihnen f\u00fcr Ihre Jahre lange Treue zum Verein. Wir bedanken uns f\u00fcr die logistische, materielle und finanzielle Unterst\u00fctzung! Bei den Beh\u00f6rden: Kreisverwaltung Ostprignitz- Ruppin, Stra\u00dfenverkehrsamt, Ordnungsamt, Umweltamt, Stadtverwaltung Neuruppin- B\u00fcrgermeister Stadtbrandmeister &hellip; <\/p>\n<p><a class=\"more-link btn\" href=\"http:\/\/www.ruppiner-rsg.de\/?page_id=109\">Weiterlesen<\/a><\/p>\n","protected":false},"author":1,"featured_media":0,"parent":0,"menu_order":0,"comment_status":"closed","ping_status":"closed","template":"","meta":{"footnotes":""},"_links":{"self":[{"href":"http:\/\/www.ruppiner-rsg.de\/index.php?rest_route=\/wp\/v2\/pages\/109"}],"collection":[{"href":"http:\/\/www.ruppiner-rsg.de\/index.php?rest_route=\/wp\/v2\/pages"}],"about":[{"href":"http:\/\/www.ruppiner-rsg.de\/index.php?rest_route=\/wp\/v2\/types\/page"}],"author":[{"embeddable":true,"href":"http:\/\/www.ruppiner-rsg.de\/index.php?rest_route=\/wp\/v2\/users\/1"}],"replies":[{"embeddable":true,"href":"http:\/\/www.ruppiner-rsg.de\/index.php?rest_route=%2Fwp%2Fv2%2Fcomments&post=109"}],"version-history":[{"count":18,"href":"http:\/\/www.ruppiner-rsg.de\/index.php?rest_route=\/wp\/v2\/pages\/109\/revisions"}],"predecessor-version":[{"id":3920,"href":"http:\/\/www.ruppiner-rsg.de\/index.php?rest_route=\/wp\/v2\/pages\/109\/revisions\/3920"}],"wp:attachment":[{"href":"http:\/\/www.ruppiner-rsg.de\/index.php?rest_route=%2Fwp%2Fv2%2Fmedia&parent=109"}],"curies":[{"name":"wp","href":"https:\/\/api.w.org\/{rel}","templated":true}]}}